{"id":58,"date":"2025-10-19T18:02:47","date_gmt":"2025-10-19T16:02:47","guid":{"rendered":"https:\/\/berelt.kamiljuszczak.pl\/?page_id=58"},"modified":"2025-10-19T18:02:53","modified_gmt":"2025-10-19T16:02:53","slug":"mobilny-serwis-maszyn","status":"publish","type":"page","link":"https:\/\/berelt.kamiljuszczak.pl\/?page_id=58","title":{"rendered":"Mobilny serwis maszyn"},"content":{"rendered":"","protected":false},"excerpt":{"rendered":"","protected":false},"author":1,"featured_media":0,"parent":0,"menu_order":0,"comment_status":"closed","ping_status":"closed","template":"","meta":{"site-sidebar-layout":"default","site-content-layout":"","ast-site-content-layout":"default","site-content-style":"default","site-sidebar-style":"default","ast-global-header-display":"","ast-banner-title-visibility":"","ast-main-header-display":"","ast-hfb-above-header-display":"","ast-hfb-below-header-display":"","ast-hfb-mobile-header-display":"","site-post-title":"disabled","ast-breadcrumbs-content":"","ast-featured-img":"","footer-sml-layout":"","theme-transparent-header-meta":"","adv-header-id-meta":"","stick-header-meta":"","header-above-stick-meta":"","header-main-stick-meta":"","header-below-stick-meta":"","astra-migrate-meta-layouts":"default","ast-page-background-enabled":"default","ast-page-background-meta":{"desktop":{"background-color":"var(--ast-global-color-5)","background-image":"","background-repeat":"repeat","background-position":"center center","background-size":"auto","background-attachment":"scroll","background-type":"","background-media":"","overlay-type":"","overlay-color":"","overlay-opacity":"","overlay-gradient":""},"tablet":{"background-color":"","background-image":"","background-repeat":"repeat","background-position":"center center","background-size":"auto","background-attachment":"scroll","background-type":"","background-media":"","overlay-type":"","overlay-color":"","overlay-opacity":"","overlay-gradient":""},"mobile":{"background-color":"","background-image":"","background-repeat":"repeat","background-position":"center center","background-size":"auto","background-attachment":"scroll","background-type":"","background-media":"","overlay-type":"","overlay-color":"","overlay-opacity":"","overlay-gradient":""}},"ast-content-background-meta":{"desktop":{"background-color":"var(--ast-global-color-4)","background-image":"","background-repeat":"repeat","background-position":"center center","background-size":"auto","background-attachment":"scroll","background-type":"","background-media":"","overlay-type":"","overlay-color":"","overlay-opacity":"","overlay-gradient":""},"tablet":{"background-color":"var(--ast-global-color-4)","background-image":"","background-repeat":"repeat","background-position":"center center","background-size":"auto","background-attachment":"scroll","background-type":"","background-media":"","overlay-type":"","overlay-color":"","overlay-opacity":"","overlay-gradient":""},"mobile":{"background-color":"var(--ast-global-color-4)","background-image":"","background-repeat":"repeat","background-position":"center center","background-size":"auto","background-attachment":"scroll","background-type":"","background-media":"","overlay-type":"","overlay-color":"","overlay-opacity":"","overlay-gradient":""}},"footnotes":""},"class_list":["post-58","page","type-page","status-publish","hentry"],"yoast_head":"<!-- This site is optimized with the Yoast SEO plugin v26.1.1 - https:\/\/yoast.com\/wordpress\/plugins\/seo\/ -->\n<title>Mobilny serwis maszyn - \u0141adowarki teleskopowe wynajem i serwis.<\/title>\n<meta name=\"robots\" content=\"noindex, follow, max-snippet:-1, max-image-preview:large, max-video-preview:-1\" \/>\n<meta property=\"og:locale\" content=\"pl_PL\" \/>\n<meta property=\"og:type\" content=\"article\" \/>\n<meta property=\"og:title\" content=\"Mobilny serwis maszyn - \u0141adowarki teleskopowe wynajem i serwis.\" \/>\n<meta property=\"og:url\" content=\"https:\/\/berelt.kamiljuszczak.pl\/?page_id=58\" \/>\n<meta property=\"og:site_name\" content=\"\u0141adowarki teleskopowe wynajem i serwis.\" \/>\n<meta property=\"article:modified_time\" content=\"2025-10-19T16:02:53+00:00\" \/>\n<meta name=\"twitter:card\" content=\"summary_large_image\" \/>\n<script type=\"application\/ld+json\" class=\"yoast-schema-graph\">{\"@context\":\"https:\/\/schema.org\",\"@graph\":[{\"@type\":\"WebPage\",\"@id\":\"https:\/\/berelt.kamiljuszczak.pl\/?page_id=58\",\"url\":\"https:\/\/berelt.kamiljuszczak.pl\/?page_id=58\",\"name\":\"Mobilny serwis maszyn - \u0141adowarki teleskopowe wynajem i serwis.\",\"isPartOf\":{\"@id\":\"https:\/\/berelt.kamiljuszczak.pl\/#website\"},\"datePublished\":\"2025-10-19T16:02:47+00:00\",\"dateModified\":\"2025-10-19T16:02:53+00:00\",\"breadcrumb\":{\"@id\":\"https:\/\/berelt.kamiljuszczak.pl\/?page_id=58#breadcrumb\"},\"inLanguage\":\"pl-PL\",\"potentialAction\":[{\"@type\":\"ReadAction\",\"target\":[\"https:\/\/berelt.kamiljuszczak.pl\/?page_id=58\"]}]},{\"@type\":\"BreadcrumbList\",\"@id\":\"https:\/\/berelt.kamiljuszczak.pl\/?page_id=58#breadcrumb\",\"itemListElement\":[{\"@type\":\"ListItem\",\"position\":1,\"name\":\"Strona g\u0142\u00f3wna\",\"item\":\"https:\/\/berelt.kamiljuszczak.pl\/\"},{\"@type\":\"ListItem\",\"position\":2,\"name\":\"Mobilny serwis maszyn\"}]},{\"@type\":\"WebSite\",\"@id\":\"https:\/\/berelt.kamiljuszczak.pl\/#website\",\"url\":\"https:\/\/berelt.kamiljuszczak.pl\/\",\"name\":\"\u0141adowarki teleskopowe wynajem i serwis.\",\"description\":\"Naprawa i wynajem \u0142adowarek teleskopowych, koparek, si\u0142ownik\u00f3w i rozdzielaczy hydraulicznych. Wynajem z operatorem.\",\"publisher\":{\"@id\":\"https:\/\/berelt.kamiljuszczak.pl\/#organization\"},\"potentialAction\":[{\"@type\":\"SearchAction\",\"target\":{\"@type\":\"EntryPoint\",\"urlTemplate\":\"https:\/\/berelt.kamiljuszczak.pl\/?s={search_term_string}\"},\"query-input\":{\"@type\":\"PropertyValueSpecification\",\"valueRequired\":true,\"valueName\":\"search_term_string\"}}],\"inLanguage\":\"pl-PL\"},{\"@type\":\"Organization\",\"@id\":\"https:\/\/berelt.kamiljuszczak.pl\/#organization\",\"name\":\"\u0141adowarki teleskopowe wynajem i serwis.\",\"url\":\"https:\/\/berelt.kamiljuszczak.pl\/\",\"logo\":{\"@type\":\"ImageObject\",\"inLanguage\":\"pl-PL\",\"@id\":\"https:\/\/berelt.kamiljuszczak.pl\/#\/schema\/logo\/image\/\",\"url\":\"https:\/\/berelt.kamiljuszczak.pl\/wp-content\/uploads\/2025\/10\/logo-ladowarka-teleskopowa-beztla.avif\",\"contentUrl\":\"https:\/\/berelt.kamiljuszczak.pl\/wp-content\/uploads\/2025\/10\/logo-ladowarka-teleskopowa-beztla.avif\",\"width\":743,\"height\":432,\"caption\":\"\u0141adowarki teleskopowe wynajem i serwis.\"},\"image\":{\"@id\":\"https:\/\/berelt.kamiljuszczak.pl\/#\/schema\/logo\/image\/\"}}]}<\/script>\n<!-- \/ Yoast SEO plugin. -->","yoast_head_json":{"title":"Mobilny serwis maszyn - \u0141adowarki teleskopowe wynajem i serwis.","robots":{"index":"noindex","follow":"follow","max-snippet":"max-snippet:-1","max-image-preview":"max-image-preview:large","max-video-preview":"max-video-preview:-1"},"og_locale":"pl_PL","og_type":"article","og_title":"Mobilny serwis maszyn - \u0141adowarki teleskopowe wynajem i serwis.","og_url":"https:\/\/berelt.kamiljuszczak.pl\/?page_id=58","og_site_name":"\u0141adowarki teleskopowe wynajem i serwis.","article_modified_time":"2025-10-19T16:02:53+00:00","twitter_card":"summary_large_image","schema":{"@context":"https:\/\/schema.org","@graph":[{"@type":"WebPage","@id":"https:\/\/berelt.kamiljuszczak.pl\/?page_id=58","url":"https:\/\/berelt.kamiljuszczak.pl\/?page_id=58","name":"Mobilny serwis maszyn - \u0141adowarki teleskopowe wynajem i serwis.","isPartOf":{"@id":"https:\/\/berelt.kamiljuszczak.pl\/#website"},"datePublished":"2025-10-19T16:02:47+00:00","dateModified":"2025-10-19T16:02:53+00:00","breadcrumb":{"@id":"https:\/\/berelt.kamiljuszczak.pl\/?page_id=58#breadcrumb"},"inLanguage":"pl-PL","potentialAction":[{"@type":"ReadAction","target":["https:\/\/berelt.kamiljuszczak.pl\/?page_id=58"]}]},{"@type":"BreadcrumbList","@id":"https:\/\/berelt.kamiljuszczak.pl\/?page_id=58#breadcrumb","itemListElement":[{"@type":"ListItem","position":1,"name":"Strona g\u0142\u00f3wna","item":"https:\/\/berelt.kamiljuszczak.pl\/"},{"@type":"ListItem","position":2,"name":"Mobilny serwis maszyn"}]},{"@type":"WebSite","@id":"https:\/\/berelt.kamiljuszczak.pl\/#website","url":"https:\/\/berelt.kamiljuszczak.pl\/","name":"\u0141adowarki teleskopowe wynajem i serwis.","description":"Naprawa i wynajem \u0142adowarek teleskopowych, koparek, si\u0142ownik\u00f3w i rozdzielaczy hydraulicznych. Wynajem z operatorem.","publisher":{"@id":"https:\/\/berelt.kamiljuszczak.pl\/#organization"},"potentialAction":[{"@type":"SearchAction","target":{"@type":"EntryPoint","urlTemplate":"https:\/\/berelt.kamiljuszczak.pl\/?s={search_term_string}"},"query-input":{"@type":"PropertyValueSpecification","valueRequired":true,"valueName":"search_term_string"}}],"inLanguage":"pl-PL"},{"@type":"Organization","@id":"https:\/\/berelt.kamiljuszczak.pl\/#organization","name":"\u0141adowarki teleskopowe wynajem i serwis.","url":"https:\/\/berelt.kamiljuszczak.pl\/","logo":{"@type":"ImageObject","inLanguage":"pl-PL","@id":"https:\/\/berelt.kamiljuszczak.pl\/#\/schema\/logo\/image\/","url":"https:\/\/berelt.kamiljuszczak.pl\/wp-content\/uploads\/2025\/10\/logo-ladowarka-teleskopowa-beztla.avif","contentUrl":"https:\/\/berelt.kamiljuszczak.pl\/wp-content\/uploads\/2025\/10\/logo-ladowarka-teleskopowa-beztla.avif","width":743,"height":432,"caption":"\u0141adowarki teleskopowe wynajem i serwis."},"image":{"@id":"https:\/\/berelt.kamiljuszczak.pl\/#\/schema\/logo\/image\/"}}]}},"_links":{"self":[{"href":"https:\/\/berelt.kamiljuszczak.pl\/index.php?rest_route=\/wp\/v2\/pages\/58","targetHints":{"allow":["GET"]}}],"collection":[{"href":"https:\/\/berelt.kamiljuszczak.pl\/index.php?rest_route=\/wp\/v2\/pages"}],"about":[{"href":"https:\/\/berelt.kamiljuszczak.pl\/index.php?rest_route=\/wp\/v2\/types\/page"}],"author":[{"embeddable":true,"href":"https:\/\/berelt.kamiljuszczak.pl\/index.php?rest_route=\/wp\/v2\/users\/1"}],"replies":[{"embeddable":true,"href":"https:\/\/berelt.kamiljuszczak.pl\/index.php?rest_route=%2Fwp%2Fv2%2Fcomments&post=58"}],"version-history":[{"count":2,"href":"https:\/\/berelt.kamiljuszczak.pl\/index.php?rest_route=\/wp\/v2\/pages\/58\/revisions"}],"predecessor-version":[{"id":60,"href":"https:\/\/berelt.kamiljuszczak.pl\/index.php?rest_route=\/wp\/v2\/pages\/58\/revisions\/60"}],"wp:attachment":[{"href":"https:\/\/berelt.kamiljuszczak.pl\/index.php?rest_route=%2Fwp%2Fv2%2Fmedia&parent=58"}],"curies":[{"name":"wp","href":"https:\/\/api.w.org\/{rel}","templated":true}]}}